{"id":1007,"date":"2023-05-10T09:07:53","date_gmt":"2023-05-10T09:07:53","guid":{"rendered":"https:\/\/dripsys.net\/?page_id=1007"},"modified":"2023-05-11T14:51:02","modified_gmt":"2023-05-11T14:51:02","slug":"%d8%af%d9%88%d8%b1%d8%a7%d8%aa-%d8%aa%d9%83%d9%88%d9%8a%d9%86%d9%8a%d8%a9","status":"publish","type":"page","link":"https:\/\/dripsys.net\/fr\/%d8%af%d9%88%d8%b1%d8%a7%d8%aa-%d8%aa%d9%83%d9%88%d9%8a%d9%86%d9%8a%d8%a9\/","title":{"rendered":"Formations professionnelles"},"content":{"rendered":"<div data-elementor-type=\"wp-page\" data-elementor-id=\"1007\" class=\"elementor elementor-1007\">\n\t\t\t\t\t\t<section class=\"elementor-section elementor-top-section elementor-element elementor-element-7d8cfd2 elementor-section-content-middle elementor-section-boxed elementor-section-height-default elementor-section-height-default\" data-id=\"7d8cfd2\" data-element_type=\"section\" data-e-type=\"section\" data-settings=\"{&quot;background_background&quot;:&quot;classic&quot;}\">\n\t\t\t\t\t\t<div class=\"elementor-container elementor-column-gap-default\">\n\t\t\t\t\t<div class=\"elementor-column elementor-col-50 elementor-top-column elementor-element elementor-element-0caffa5\" data-id=\"0caffa5\" data-element_type=\"column\" data-e-type=\"column\">\n\t\t\t<div class=\"elementor-widget-wrap\">\n\t\t\t\t\t\t\t<\/div>\n\t\t<\/div>\n\t\t\t\t<div class=\"elementor-column elementor-col-50 elementor-top-column elementor-element elementor-element-b75c698\" data-id=\"b75c698\" data-element_type=\"column\" data-e-type=\"column\">\n\t\t\t<div class=\"elementor-widget-wrap elementor-element-populated\">\n\t\t\t\t\t\t<div class=\"elementor-element elementor-element-b61a181 elementor-widget elementor-widget-heading\" data-id=\"b61a181\" data-element_type=\"widget\" data-e-type=\"widget\" data-widget_type=\"heading.default\">\n\t\t\t\t<div class=\"elementor-widget-container\">\n\t\t\t\t\t<h1 class=\"elementor-heading-title elementor-size-large\">Apprenez les bases de l'agriculture avec nos formations.<\/h1>\t\t\t\t<\/div>\n\t\t\t\t<\/div>\n\t\t\t\t<div class=\"elementor-element elementor-element-050db40 elementor-widget elementor-widget-text-editor\" data-id=\"050db40\" data-element_type=\"widget\" data-e-type=\"widget\" data-widget_type=\"text-editor.default\">\n\t\t\t\t<div class=\"elementor-widget-container\">\n\t\t\t\t\t\t\t\t\t<p>Commencez votre voyage dans le domaine de l'agriculture avec nos formations de haute qualit\u00e9.<\/p>\t\t\t\t\t\t\t\t<\/div>\n\t\t\t\t<\/div>\n\t\t\t\t\t<\/div>\n\t\t<\/div>\n\t\t\t\t\t<\/div>\n\t\t<\/section>\n\t\t\t\t<section class=\"elementor-section elementor-top-section elementor-element elementor-element-5s9bfyz elementor-section-boxed elementor-section-height-default elementor-section-height-default\" data-id=\"5s9bfyz\" data-element_type=\"section\" data-e-type=\"section\" data-settings=\"{&quot;background_background&quot;:&quot;classic&quot;}\">\n\t\t\t\t\t\t<div class=\"elementor-container elementor-column-gap-default\">\n\t\t\t\t\t<div class=\"elementor-column elementor-col-100 elementor-top-column elementor-element elementor-element-259f3103\" data-id=\"259f3103\" data-element_type=\"column\" data-e-type=\"column\">\n\t\t\t<div class=\"elementor-widget-wrap elementor-element-populated\">\n\t\t\t\t\t\t<div class=\"elementor-element elementor-element-27fdfd2 elementor-widget elementor-widget-spacer\" data-id=\"27fdfd2\" data-element_type=\"widget\" data-e-type=\"widget\" data-widget_type=\"spacer.default\">\n\t\t\t\t<div class=\"elementor-widget-container\">\n\t\t\t\t\t\t\t<div class=\"elementor-spacer\">\n\t\t\t<div class=\"elementor-spacer-inner\"><\/div>\n\t\t<\/div>\n\t\t\t\t\t\t<\/div>\n\t\t\t\t<\/div>\n\t\t\t\t<div class=\"elementor-element elementor-element-3f1d653 elementor-widget elementor-widget-heading\" data-id=\"3f1d653\" data-element_type=\"widget\" data-e-type=\"widget\" data-widget_type=\"heading.default\">\n\t\t\t\t<div class=\"elementor-widget-container\">\n\t\t\t\t\t<h2 class=\"elementor-heading-title elementor-size-large\">Des formations sp\u00e9cialis\u00e9es en techniques d'irrigation et en maintenance agricole.\n<\/h2>\t\t\t\t<\/div>\n\t\t\t\t<\/div>\n\t\t\t\t<div class=\"elementor-element elementor-element-8fc5fdb elementor-widget-divider--view-line elementor-widget elementor-widget-divider\" data-id=\"8fc5fdb\" data-element_type=\"widget\" data-e-type=\"widget\" data-widget_type=\"divider.default\">\n\t\t\t\t<div class=\"elementor-widget-container\">\n\t\t\t\t\t\t\t<div class=\"elementor-divider\">\n\t\t\t<span class=\"elementor-divider-separator\">\n\t\t\t\t\t\t<\/span>\n\t\t<\/div>\n\t\t\t\t\t\t<\/div>\n\t\t\t\t<\/div>\n\t\t\t\t\t<\/div>\n\t\t<\/div>\n\t\t\t\t\t<\/div>\n\t\t<\/section>\n\t\t\t\t<section class=\"elementor-section elementor-top-section elementor-element elementor-element-54eef09 elementor-section-boxed elementor-section-height-default elementor-section-height-default\" data-id=\"54eef09\" data-element_type=\"section\" data-e-type=\"section\">\n\t\t\t\t\t\t<div class=\"elementor-container elementor-column-gap-default\">\n\t\t\t\t\t<div class=\"elementor-column elementor-col-33 elementor-top-column elementor-element elementor-element-9d70799\" data-id=\"9d70799\" data-element_type=\"column\" data-e-type=\"column\">\n\t\t\t<div class=\"elementor-widget-wrap elementor-element-populated\">\n\t\t\t\t\t\t<div class=\"elementor-element elementor-element-3d6f844 elementor-widget elementor-widget-image\" data-id=\"3d6f844\" data-element_type=\"widget\" data-e-type=\"widget\" data-widget_type=\"image.default\">\n\t\t\t\t<div class=\"elementor-widget-container\">\n\t\t\t\t\t\t\t\t\t\t\t\t\t\t\t<img fetchpriority=\"high\" decoding=\"async\" width=\"500\" height=\"500\" src=\"https:\/\/dripsys.net\/wp-content\/uploads\/2023\/05\/\u062f\u0648\u0631\u0629-\u062a\u0643\u0648\u064a\u0646\u064a\u0629-\u0641\u064a-\u062f\u0631\u0627\u0633\u0629-\u0648\u0625\u0646\u062c\u0627\u0632-\u0645\u0634\u0627\u0631\u064a\u0639-\u0627\u0644\u0631\u064a-\u0628\u0627\u0644\u062a\u0646\u0642\u064a\u0637-4-1.png\" class=\"attachment-full size-full wp-image-1302\" alt=\"\" srcset=\"https:\/\/dripsys.net\/wp-content\/uploads\/2023\/05\/\u062f\u0648\u0631\u0629-\u062a\u0643\u0648\u064a\u0646\u064a\u0629-\u0641\u064a-\u062f\u0631\u0627\u0633\u0629-\u0648\u0625\u0646\u062c\u0627\u0632-\u0645\u0634\u0627\u0631\u064a\u0639-\u0627\u0644\u0631\u064a-\u0628\u0627\u0644\u062a\u0646\u0642\u064a\u0637-4-1.png 500w, https:\/\/dripsys.net\/wp-content\/uploads\/2023\/05\/\u062f\u0648\u0631\u0629-\u062a\u0643\u0648\u064a\u0646\u064a\u0629-\u0641\u064a-\u062f\u0631\u0627\u0633\u0629-\u0648\u0625\u0646\u062c\u0627\u0632-\u0645\u0634\u0627\u0631\u064a\u0639-\u0627\u0644\u0631\u064a-\u0628\u0627\u0644\u062a\u0646\u0642\u064a\u0637-4-1-300x300.png 300w, https:\/\/dripsys.net\/wp-content\/uploads\/2023\/05\/\u062f\u0648\u0631\u0629-\u062a\u0643\u0648\u064a\u0646\u064a\u0629-\u0641\u064a-\u062f\u0631\u0627\u0633\u0629-\u0648\u0625\u0646\u062c\u0627\u0632-\u0645\u0634\u0627\u0631\u064a\u0639-\u0627\u0644\u0631\u064a-\u0628\u0627\u0644\u062a\u0646\u0642\u064a\u0637-4-1-150x150.png 150w\" sizes=\"(max-width: 500px) 100vw, 500px\" \/>\t\t\t\t\t\t\t\t\t\t\t\t\t\t\t<\/div>\n\t\t\t\t<\/div>\n\t\t\t\t<div class=\"elementor-element elementor-element-c9eb04c elementor-widget elementor-widget-heading\" data-id=\"c9eb04c\" data-element_type=\"widget\" data-e-type=\"widget\" data-widget_type=\"heading.default\">\n\t\t\t\t<div class=\"elementor-widget-container\">\n\t\t\t\t\t<h2 class=\"elementor-heading-title elementor-size-medium\">Formation sur l'\u00e9tude et la r\u00e9alisation de projets d'irrigation goutte-\u00e0-goutte.<\/h2>\t\t\t\t<\/div>\n\t\t\t\t<\/div>\n\t\t\t\t<div class=\"elementor-element elementor-element-00ddc72 elementor-widget elementor-widget-text-editor\" data-id=\"00ddc72\" data-element_type=\"widget\" data-e-type=\"widget\" data-widget_type=\"text-editor.default\">\n\t\t\t\t<div class=\"elementor-widget-container\">\n\t\t\t\t\t\t\t\t\t<p>Rejoignez notre formation intensive sur l'\u00e9tude et la r\u00e9alisation de projets d'irrigation goutte-\u00e0-goutte, qui dure seulement une journ\u00e9e compl\u00e8te soit 8 heures. Obtenez votre certificat \u00e0 la fin de la formation pour augmenter vos chances d'int\u00e9gration sur le march\u00e9 du travail dans ce domaine crucial.<\/p>\t\t\t\t\t\t\t\t<\/div>\n\t\t\t\t<\/div>\n\t\t\t\t<div class=\"elementor-element elementor-element-40fcd04 elementor-widget elementor-widget-button\" data-id=\"40fcd04\" data-element_type=\"widget\" data-e-type=\"widget\" data-widget_type=\"button.default\">\n\t\t\t\t<div class=\"elementor-widget-container\">\n\t\t\t\t\t\t\t\t\t<div class=\"elementor-button-wrapper\">\n\t\t\t\t\t<a class=\"elementor-button elementor-button-link elementor-size-sm\" href=\"#\">\n\t\t\t\t\t\t<span class=\"elementor-button-content-wrapper\">\n\t\t\t\t\t\t\t\t\t<span class=\"elementor-button-text\">R\u00e9servez votre place<\/span>\n\t\t\t\t\t<\/span>\n\t\t\t\t\t<\/a>\n\t\t\t\t<\/div>\n\t\t\t\t\t\t\t\t<\/div>\n\t\t\t\t<\/div>\n\t\t\t\t\t<\/div>\n\t\t<\/div>\n\t\t\t\t<div class=\"elementor-column elementor-col-33 elementor-top-column elementor-element elementor-element-e05da0e\" data-id=\"e05da0e\" data-element_type=\"column\" data-e-type=\"column\">\n\t\t\t<div class=\"elementor-widget-wrap elementor-element-populated\">\n\t\t\t\t\t\t<div class=\"elementor-element elementor-element-c9934a7 elementor-widget elementor-widget-image\" data-id=\"c9934a7\" data-element_type=\"widget\" data-e-type=\"widget\" data-widget_type=\"image.default\">\n\t\t\t\t<div class=\"elementor-widget-container\">\n\t\t\t\t\t\t\t\t\t\t\t\t\t\t\t<img decoding=\"async\" width=\"500\" height=\"500\" src=\"https:\/\/dripsys.net\/wp-content\/uploads\/2023\/05\/\u062f\u0648\u0631\u0629-\u062a\u0643\u0648\u064a\u0646\u064a\u0629-\u0641\u064a-\u062a\u0631\u0643\u064a\u0628-\u0627\u0644\u0637\u0627\u0642\u0629-\u0627\u0644\u0634\u0645\u0633\u064a\u0629-4-1.png\" class=\"attachment-large size-large wp-image-1308\" alt=\"\" srcset=\"https:\/\/dripsys.net\/wp-content\/uploads\/2023\/05\/\u062f\u0648\u0631\u0629-\u062a\u0643\u0648\u064a\u0646\u064a\u0629-\u0641\u064a-\u062a\u0631\u0643\u064a\u0628-\u0627\u0644\u0637\u0627\u0642\u0629-\u0627\u0644\u0634\u0645\u0633\u064a\u0629-4-1.png 500w, https:\/\/dripsys.net\/wp-content\/uploads\/2023\/05\/\u062f\u0648\u0631\u0629-\u062a\u0643\u0648\u064a\u0646\u064a\u0629-\u0641\u064a-\u062a\u0631\u0643\u064a\u0628-\u0627\u0644\u0637\u0627\u0642\u0629-\u0627\u0644\u0634\u0645\u0633\u064a\u0629-4-1-300x300.png 300w, https:\/\/dripsys.net\/wp-content\/uploads\/2023\/05\/\u062f\u0648\u0631\u0629-\u062a\u0643\u0648\u064a\u0646\u064a\u0629-\u0641\u064a-\u062a\u0631\u0643\u064a\u0628-\u0627\u0644\u0637\u0627\u0642\u0629-\u0627\u0644\u0634\u0645\u0633\u064a\u0629-4-1-150x150.png 150w\" sizes=\"(max-width: 500px) 100vw, 500px\" \/>\t\t\t\t\t\t\t\t\t\t\t\t\t\t\t<\/div>\n\t\t\t\t<\/div>\n\t\t\t\t<div class=\"elementor-element elementor-element-4b1883f elementor-widget elementor-widget-heading\" data-id=\"4b1883f\" data-element_type=\"widget\" data-e-type=\"widget\" data-widget_type=\"heading.default\">\n\t\t\t\t<div class=\"elementor-widget-container\">\n\t\t\t\t\t<h2 class=\"elementor-heading-title elementor-size-medium\">Formation pratique en installation<br> Pompage solaire et \u00e9lectrification rurale\n<\/h2>\t\t\t\t<\/div>\n\t\t\t\t<\/div>\n\t\t\t\t<div class=\"elementor-element elementor-element-23dbad1 elementor-widget elementor-widget-text-editor\" data-id=\"23dbad1\" data-element_type=\"widget\" data-e-type=\"widget\" data-widget_type=\"text-editor.default\">\n\t\t\t\t<div class=\"elementor-widget-container\">\n\t\t\t\t\t\t\t\t\t<p>Cette formation en installation de panneaux solaires est une excellente opportunit\u00e9 pour les passionn\u00e9s par les \u00e9nergies renouvelables et l'environnement. Elle comprend des instructions pratiques et th\u00e9oriques sur l'installation des panneaux solaires et leur raccordement au r\u00e9seau \u00e9lectrique. Les participants recevront un certificat de formation \u00e0 la fin du cours.&nbsp;<\/p>\t\t\t\t\t\t\t\t<\/div>\n\t\t\t\t<\/div>\n\t\t\t\t<div class=\"elementor-element elementor-element-d8ce9e9 elementor-widget elementor-widget-button\" data-id=\"d8ce9e9\" data-element_type=\"widget\" data-e-type=\"widget\" data-widget_type=\"button.default\">\n\t\t\t\t<div class=\"elementor-widget-container\">\n\t\t\t\t\t\t\t\t\t<div class=\"elementor-button-wrapper\">\n\t\t\t\t\t<a class=\"elementor-button elementor-button-link elementor-size-sm\" href=\"#\">\n\t\t\t\t\t\t<span class=\"elementor-button-content-wrapper\">\n\t\t\t\t\t\t\t\t\t<span class=\"elementor-button-text\">R\u00e9servez votre place<\/span>\n\t\t\t\t\t<\/span>\n\t\t\t\t\t<\/a>\n\t\t\t\t<\/div>\n\t\t\t\t\t\t\t\t<\/div>\n\t\t\t\t<\/div>\n\t\t\t\t\t<\/div>\n\t\t<\/div>\n\t\t\t\t<div class=\"elementor-column elementor-col-33 elementor-top-column elementor-element elementor-element-81e6152\" data-id=\"81e6152\" data-element_type=\"column\" data-e-type=\"column\">\n\t\t\t<div class=\"elementor-widget-wrap elementor-element-populated\">\n\t\t\t\t\t\t<div class=\"elementor-element elementor-element-5547c3d elementor-widget elementor-widget-image\" data-id=\"5547c3d\" data-element_type=\"widget\" data-e-type=\"widget\" data-widget_type=\"image.default\">\n\t\t\t\t<div class=\"elementor-widget-container\">\n\t\t\t\t\t\t\t\t\t\t\t\t\t\t\t<img decoding=\"async\" width=\"500\" height=\"500\" src=\"https:\/\/dripsys.net\/wp-content\/uploads\/2023\/05\/\u062f\u0648\u0631\u0629-\u062a\u0643\u0648\u064a\u0646\u064a\u0629-\u0641\u064a-\u0645\u062c\u0627\u0644-\u0627\u0644\u062a\u0646\u0642\u064a\u0628-\u0639\u0646-\u0627\u0644\u0645\u064a\u0627\u0647-\u0627\u0644\u0633\u0637\u062d\u064a\u0629-\u0648\u0627\u0644\u062c\u0648\u0641\u064a\u0629-1.png\" class=\"attachment-large size-large wp-image-1316\" alt=\"\" srcset=\"https:\/\/dripsys.net\/wp-content\/uploads\/2023\/05\/\u062f\u0648\u0631\u0629-\u062a\u0643\u0648\u064a\u0646\u064a\u0629-\u0641\u064a-\u0645\u062c\u0627\u0644-\u0627\u0644\u062a\u0646\u0642\u064a\u0628-\u0639\u0646-\u0627\u0644\u0645\u064a\u0627\u0647-\u0627\u0644\u0633\u0637\u062d\u064a\u0629-\u0648\u0627\u0644\u062c\u0648\u0641\u064a\u0629-1.png 500w, https:\/\/dripsys.net\/wp-content\/uploads\/2023\/05\/\u062f\u0648\u0631\u0629-\u062a\u0643\u0648\u064a\u0646\u064a\u0629-\u0641\u064a-\u0645\u062c\u0627\u0644-\u0627\u0644\u062a\u0646\u0642\u064a\u0628-\u0639\u0646-\u0627\u0644\u0645\u064a\u0627\u0647-\u0627\u0644\u0633\u0637\u062d\u064a\u0629-\u0648\u0627\u0644\u062c\u0648\u0641\u064a\u0629-1-300x300.png 300w, https:\/\/dripsys.net\/wp-content\/uploads\/2023\/05\/\u062f\u0648\u0631\u0629-\u062a\u0643\u0648\u064a\u0646\u064a\u0629-\u0641\u064a-\u0645\u062c\u0627\u0644-\u0627\u0644\u062a\u0646\u0642\u064a\u0628-\u0639\u0646-\u0627\u0644\u0645\u064a\u0627\u0647-\u0627\u0644\u0633\u0637\u062d\u064a\u0629-\u0648\u0627\u0644\u062c\u0648\u0641\u064a\u0629-1-150x150.png 150w\" sizes=\"(max-width: 500px) 100vw, 500px\" \/>\t\t\t\t\t\t\t\t\t\t\t\t\t\t\t<\/div>\n\t\t\t\t<\/div>\n\t\t\t\t<div class=\"elementor-element elementor-element-48589b7 elementor-widget elementor-widget-heading\" data-id=\"48589b7\" data-element_type=\"widget\" data-e-type=\"widget\" data-widget_type=\"heading.default\">\n\t\t\t\t<div class=\"elementor-widget-container\">\n\t\t\t\t\t<h2 class=\"elementor-heading-title elementor-size-medium\">Formation sp\u00e9cialis\u00e9e dans la prospection des eaux de surface et souterraines.\n<\/h2>\t\t\t\t<\/div>\n\t\t\t\t<\/div>\n\t\t\t\t<div class=\"elementor-element elementor-element-a919e68 elementor-widget elementor-widget-text-editor\" data-id=\"a919e68\" data-element_type=\"widget\" data-e-type=\"widget\" data-widget_type=\"text-editor.default\">\n\t\t\t\t<div class=\"elementor-widget-container\">\n\t\t\t\t\t\t\t\t\t<p>Si vous souhaitez acqu\u00e9rir de nouvelles comp\u00e9tences dans le domaine de la prospection des eaux de surface et souterraines, notre formation est le choix id\u00e9al pour vous. Cette formation comprend des conf\u00e9rences et des exercices pratiques sur les techniques de prospection et d'extraction d'eau.\u00a0<\/p>\t\t\t\t\t\t\t\t<\/div>\n\t\t\t\t<\/div>\n\t\t\t\t<div class=\"elementor-element elementor-element-2259368 elementor-widget elementor-widget-button\" data-id=\"2259368\" data-element_type=\"widget\" data-e-type=\"widget\" data-widget_type=\"button.default\">\n\t\t\t\t<div class=\"elementor-widget-container\">\n\t\t\t\t\t\t\t\t\t<div class=\"elementor-button-wrapper\">\n\t\t\t\t\t<a class=\"elementor-button elementor-button-link elementor-size-sm\" href=\"#\">\n\t\t\t\t\t\t<span class=\"elementor-button-content-wrapper\">\n\t\t\t\t\t\t\t\t\t<span class=\"elementor-button-text\">R\u00e9servez votre place<\/span>\n\t\t\t\t\t<\/span>\n\t\t\t\t\t<\/a>\n\t\t\t\t<\/div>\n\t\t\t\t\t\t\t\t<\/div>\n\t\t\t\t<\/div>\n\t\t\t\t\t<\/div>\n\t\t<\/div>\n\t\t\t\t\t<\/div>\n\t\t<\/section>\n\t\t\t\t<\/div>","protected":false},"excerpt":{"rendered":"<p>\u062a\u0639\u0644\u0645 \u0623\u0633\u0627\u0633\u064a\u0627\u062a \u0627\u0644\u0641\u0644\u0627\u062d\u0629 \u0648\u0627\u0644\u0632\u0631\u0627\u0639\u0629 \u0645\u0639 \u062f\u0648\u0631\u0627\u062a\u0646\u0627 \u0627\u0644\u062a\u0643\u0648\u064a\u0646\u064a\u0629 \u0627\u0628\u062f\u0623 \u0631\u062d\u0644\u062a\u0643 \u0641\u064a \u0645\u062c\u0627\u0644 \u0627\u0644\u0641\u0644\u0627\u062d\u0629 \u0648\u0627\u0644\u0632\u0631\u0627\u0639\u0629 \u0645\u0639 \u062f\u0648\u0631\u0627\u062a \u062a\u0643\u0648\u064a\u0646\u064a\u0629 \u0639\u0627\u0644\u064a\u0629 \u0627\u0644\u062c\u0648\u062f\u0629 \u062f\u0648\u0631\u0627\u062a \u062a\u062e\u0635\u0635\u064a\u0629 \u0641\u064a \u062a\u0642\u0646\u064a\u0627\u062a \u0627\u0644\u0631\u064a \u0648\u0627\u0644\u0635\u064a\u0627\u0646\u0629 \u0627\u0644\u0632\u0631\u0627\u0639\u064a\u0629 \u062f\u0648\u0631\u0629 \u062a\u0643\u0648\u064a\u0646\u064a\u0629 \u0641\u064a \u062f\u0631\u0627\u0633\u0629 \u0648\u0625\u0646\u062c\u0627\u0632 \u0645\u0634\u0627\u0631\u064a\u0639 \u0627\u0644\u0631\u064a \u0628\u0627\u0644\u062a\u0646\u0642\u064a\u0637 \u0627\u0646\u0636\u0645 \u0625\u0644\u0649 \u062f\u0648\u0631\u062a\u0646\u0627 \u0627\u0644\u062a\u0643\u0648\u064a\u0646\u064a\u0629 \u0627\u0644\u0645\u0643\u062b\u0641\u0629 \u0641\u064a \u062f\u0631\u0627\u0633\u0629 \u0648\u0625\u0646\u062c\u0627\u0632 \u0645\u0634\u0627\u0631\u064a\u0639 \u0627\u0644\u0631\u064a \u0628\u0627\u0644\u062a\u0646\u0642\u064a\u0637\u060c \u0627\u0644\u062a\u064a \u062a\u0633\u062a\u0645\u0631 \u064a\u0648\u0645\u0627\u064b \u0648\u0627\u062d\u062f\u0627\u064b \u0641\u0642\u0637 \u0644\u0645\u062f\u0629 8 \u0633\u0627\u0639\u0627\u062a\u060c \u0648\u0627\u062d\u0635\u0644 \u0639\u0644\u0649 \u0634\u0647\u0627\u062f\u062a\u0643 [&hellip;]<\/p>\n","protected":false},"author":1,"featured_media":0,"parent":0,"menu_order":0,"comment_status":"closed","ping_status":"closed","template":"","meta":{"site-sidebar-layout":"no-sidebar","site-content-layout":"page-builder","ast-site-content-layout":"default","site-content-style":"default","site-sidebar-style":"default","ast-global-header-display":"","ast-banner-title-visibility":"","ast-main-header-display":"","ast-hfb-above-header-display":"","ast-hfb-below-header-display":"","ast-hfb-mobile-header-display":"","site-post-title":"disabled","ast-breadcrumbs-content":"","ast-featured-img":"disabled","footer-sml-layout":"","ast-disable-related-posts":"","theme-transparent-header-meta":"","adv-header-id-meta":"","stick-header-meta":"","header-above-stick-meta":"","header-main-stick-meta":"","header-below-stick-meta":"","astra-migrate-meta-layouts":"default","ast-page-background-enabled":"default","ast-page-background-meta":{"desktop":{"background-color":"","background-image":"","background-repeat":"repeat","background-position":"center center","background-size":"auto","background-attachment":"scroll","background-type":"","background-media":"","overlay-type":"","overlay-color":"","overlay-opacity":"","overlay-gradient":""},"tablet":{"background-color":"","background-image":"","background-repeat":"repeat","background-position":"center center","background-size":"auto","background-attachment":"scroll","background-type":"","background-media":"","overlay-type":"","overlay-color":"","overlay-opacity":"","overlay-gradient":""},"mobile":{"background-color":"","background-image":"","background-repeat":"repeat","background-position":"center center","background-size":"auto","background-attachment":"scroll","background-type":"","background-media":"","overlay-type":"","overlay-color":"","overlay-opacity":"","overlay-gradient":""}},"ast-content-background-meta":{"desktop":{"background-color":"var(--ast-global-color-5)","background-image":"","background-repeat":"repeat","background-position":"center center","background-size":"auto","background-attachment":"scroll","background-type":"","background-media":"","overlay-type":"","overlay-color":"","overlay-opacity":"","overlay-gradient":""},"tablet":{"background-color":"var(--ast-global-color-5)","background-image":"","background-repeat":"repeat","background-position":"center center","background-size":"auto","background-attachment":"scroll","background-type":"","background-media":"","overlay-type":"","overlay-color":"","overlay-opacity":"","overlay-gradient":""},"mobile":{"background-color":"var(--ast-global-color-5)","background-image":"","background-repeat":"repeat","background-position":"center center","background-size":"auto","background-attachment":"scroll","background-type":"","background-media":"","overlay-type":"","overlay-color":"","overlay-opacity":"","overlay-gradient":""}},"footnotes":""},"class_list":["post-1007","page","type-page","status-publish","hentry"],"_links":{"self":[{"href":"https:\/\/dripsys.net\/fr\/wp-json\/wp\/v2\/pages\/1007","targetHints":{"allow":["GET"]}}],"collection":[{"href":"https:\/\/dripsys.net\/fr\/wp-json\/wp\/v2\/pages"}],"about":[{"href":"https:\/\/dripsys.net\/fr\/wp-json\/wp\/v2\/types\/page"}],"author":[{"embeddable":true,"href":"https:\/\/dripsys.net\/fr\/wp-json\/wp\/v2\/users\/1"}],"replies":[{"embeddable":true,"href":"https:\/\/dripsys.net\/fr\/wp-json\/wp\/v2\/comments?post=1007"}],"version-history":[{"count":37,"href":"https:\/\/dripsys.net\/fr\/wp-json\/wp\/v2\/pages\/1007\/revisions"}],"predecessor-version":[{"id":1325,"href":"https:\/\/dripsys.net\/fr\/wp-json\/wp\/v2\/pages\/1007\/revisions\/1325"}],"wp:attachment":[{"href":"https:\/\/dripsys.net\/fr\/wp-json\/wp\/v2\/media?parent=1007"}],"curies":[{"name":"wp","href":"https:\/\/api.w.org\/{rel}","templated":true}]}}