{"id":886,"date":"2023-05-09T15:10:16","date_gmt":"2023-05-09T15:10:16","guid":{"rendered":"https:\/\/dripsys.net\/?page_id=886"},"modified":"2023-07-11T14:25:18","modified_gmt":"2023-07-11T14:25:18","slug":"%d9%86%d8%b5%d8%a7%d8%a6%d8%ad-%d9%81%d9%84%d8%a7%d8%ad%d9%8a%d8%a9","status":"publish","type":"page","link":"https:\/\/dripsys.net\/fr\/%d9%86%d8%b5%d8%a7%d8%a6%d8%ad-%d9%81%d9%84%d8%a7%d8%ad%d9%8a%d8%a9\/","title":{"rendered":"Conseils agricoles"},"content":{"rendered":"<div data-elementor-type=\"wp-page\" data-elementor-id=\"886\" class=\"elementor elementor-886\">\n\t\t\t\t\t\t<section class=\"elementor-section elementor-top-section elementor-element elementor-element-f38c195 elementor-section-content-middle elementor-section-boxed elementor-section-height-default elementor-section-height-default\" data-id=\"f38c195\" data-element_type=\"section\" data-e-type=\"section\" data-settings=\"{&quot;background_background&quot;:&quot;classic&quot;}\">\n\t\t\t\t\t\t<div class=\"elementor-container elementor-column-gap-default\">\n\t\t\t\t\t<div class=\"elementor-column elementor-col-50 elementor-top-column elementor-element elementor-element-0b3cd85\" data-id=\"0b3cd85\" data-element_type=\"column\" data-e-type=\"column\">\n\t\t\t<div class=\"elementor-widget-wrap\">\n\t\t\t\t\t\t\t<\/div>\n\t\t<\/div>\n\t\t\t\t<div class=\"elementor-column elementor-col-50 elementor-top-column elementor-element elementor-element-0dfb35e\" data-id=\"0dfb35e\" data-element_type=\"column\" data-e-type=\"column\">\n\t\t\t<div class=\"elementor-widget-wrap elementor-element-populated\">\n\t\t\t\t\t\t<div class=\"elementor-element elementor-element-3b6d9e7 elementor-widget elementor-widget-heading\" data-id=\"3b6d9e7\" data-element_type=\"widget\" data-e-type=\"widget\" data-widget_type=\"heading.default\">\n\t\t\t\t<div class=\"elementor-widget-container\">\n\t\t\t\t\t<h1 class=\"elementor-heading-title elementor-size-large\">Astuces agricoles \u00e9prouv\u00e9es pour am\u00e9liorer la productivit\u00e9 et r\u00e9duire les co\u00fbts<\/h1>\t\t\t\t<\/div>\n\t\t\t\t<\/div>\n\t\t\t\t<div class=\"elementor-element elementor-element-3f75ce1 elementor-widget elementor-widget-text-editor\" data-id=\"3f75ce1\" data-element_type=\"widget\" data-e-type=\"widget\" data-widget_type=\"text-editor.default\">\n\t\t\t\t<div class=\"elementor-widget-container\">\n\t\t\t\t\t\t\t\t\t<p>D\u00e9couvrez des conseils agricoles sp\u00e9cialis\u00e9s pour atteindre une productivit\u00e9 \u00e9lev\u00e9e et une qualit\u00e9 optimale.<\/p>\t\t\t\t\t\t\t\t<\/div>\n\t\t\t\t<\/div>\n\t\t\t\t\t<\/div>\n\t\t<\/div>\n\t\t\t\t\t<\/div>\n\t\t<\/section>\n\t\t\t\t<section class=\"elementor-section elementor-top-section elementor-element elementor-element-4f84292 elementor-section-boxed elementor-section-height-default elementor-section-height-default\" data-id=\"4f84292\" data-element_type=\"section\" data-e-type=\"section\">\n\t\t\t\t\t\t<div class=\"elementor-container elementor-column-gap-default\">\n\t\t\t\t\t<div class=\"elementor-column elementor-col-16 elementor-top-column elementor-element elementor-element-87a1a73\" data-id=\"87a1a73\" data-element_type=\"column\" data-e-type=\"column\">\n\t\t\t<div class=\"elementor-widget-wrap\">\n\t\t\t\t\t\t\t<\/div>\n\t\t<\/div>\n\t\t\t\t<div class=\"elementor-column elementor-col-66 elementor-top-column elementor-element elementor-element-ccbd71b\" data-id=\"ccbd71b\" data-element_type=\"column\" data-e-type=\"column\">\n\t\t\t<div class=\"elementor-widget-wrap elementor-element-populated\">\n\t\t\t\t\t\t<div class=\"elementor-element elementor-element-a0b9f33 elementor-widget elementor-widget-heading\" data-id=\"a0b9f33\" data-element_type=\"widget\" data-e-type=\"widget\" data-widget_type=\"heading.default\">\n\t\t\t\t<div class=\"elementor-widget-container\">\n\t\t\t\t\t<h2 class=\"elementor-heading-title elementor-size-default\">Conseils agricoles <\/h2>\t\t\t\t<\/div>\n\t\t\t\t<\/div>\n\t\t\t\t<div class=\"elementor-element elementor-element-f110f56 elementor-widget-divider--view-line elementor-widget elementor-widget-divider\" data-id=\"f110f56\" data-element_type=\"widget\" data-e-type=\"widget\" data-widget_type=\"divider.default\">\n\t\t\t\t<div class=\"elementor-widget-container\">\n\t\t\t\t\t\t\t<div class=\"elementor-divider\">\n\t\t\t<span class=\"elementor-divider-separator\">\n\t\t\t\t\t\t<\/span>\n\t\t<\/div>\n\t\t\t\t\t\t<\/div>\n\t\t\t\t<\/div>\n\t\t\t\t<div class=\"elementor-element elementor-element-d5a4051 elementor-widget elementor-widget-video\" data-id=\"d5a4051\" data-element_type=\"widget\" data-e-type=\"widget\" data-settings=\"{&quot;youtube_url&quot;:&quot;https:\\\/\\\/youtu.be\\\/d2KgjEady3A&quot;,&quot;video_type&quot;:&quot;youtube&quot;,&quot;controls&quot;:&quot;yes&quot;}\" data-widget_type=\"video.default\">\n\t\t\t\t<div class=\"elementor-widget-container\">\n\t\t\t\t\t\t\t<div class=\"elementor-wrapper elementor-open-inline\">\n\t\t\t<div class=\"elementor-video\"><\/div>\t\t<\/div>\n\t\t\t\t\t\t<\/div>\n\t\t\t\t<\/div>\n\t\t\t\t<div class=\"elementor-element elementor-element-baef541 elementor-widget elementor-widget-heading\" data-id=\"baef541\" data-element_type=\"widget\" data-e-type=\"widget\" data-widget_type=\"heading.default\">\n\t\t\t\t<div class=\"elementor-widget-container\">\n\t\t\t\t\t<h2 class=\"elementor-heading-title elementor-size-default\">Conseils agricoles <\/h2>\t\t\t\t<\/div>\n\t\t\t\t<\/div>\n\t\t\t\t<div class=\"elementor-element elementor-element-0b1cb4b elementor-widget-divider--view-line elementor-widget elementor-widget-divider\" data-id=\"0b1cb4b\" data-element_type=\"widget\" data-e-type=\"widget\" data-widget_type=\"divider.default\">\n\t\t\t\t<div class=\"elementor-widget-container\">\n\t\t\t\t\t\t\t<div class=\"elementor-divider\">\n\t\t\t<span class=\"elementor-divider-separator\">\n\t\t\t\t\t\t<\/span>\n\t\t<\/div>\n\t\t\t\t\t\t<\/div>\n\t\t\t\t<\/div>\n\t\t\t\t\t<\/div>\n\t\t<\/div>\n\t\t\t\t<div class=\"elementor-column elementor-col-16 elementor-top-column elementor-element elementor-element-1e5a163\" data-id=\"1e5a163\" data-element_type=\"column\" data-e-type=\"column\">\n\t\t\t<div class=\"elementor-widget-wrap\">\n\t\t\t\t\t\t\t<\/div>\n\t\t<\/div>\n\t\t\t\t\t<\/div>\n\t\t<\/section>\n\t\t\t\t<section class=\"elementor-section elementor-top-section elementor-element elementor-element-ab4d6dd elementor-section-boxed elementor-section-height-default elementor-section-height-default\" data-id=\"ab4d6dd\" data-element_type=\"section\" data-e-type=\"section\">\n\t\t\t\t\t\t<div class=\"elementor-container elementor-column-gap-default\">\n\t\t\t\t\t<div class=\"elementor-column elementor-col-50 elementor-top-column elementor-element elementor-element-dfc48aa\" data-id=\"dfc48aa\" data-element_type=\"column\" data-e-type=\"column\">\n\t\t\t<div class=\"elementor-widget-wrap elementor-element-populated\">\n\t\t\t\t\t\t<div class=\"elementor-element elementor-element-099a141 elementor-widget elementor-widget-image\" data-id=\"099a141\" data-element_type=\"widget\" data-e-type=\"widget\" data-widget_type=\"image.default\">\n\t\t\t\t<div class=\"elementor-widget-container\">\n\t\t\t\t\t\t\t\t\t\t\t\t\t\t\t\t<a href=\"https:\/\/dripsys.net\/fr\/%d8%b3%d9%82%d9%8a-%d8%a7%d9%84%d8%b2%d9%8a%d8%aa%d9%88%d9%86\/\">\n\t\t\t\t\t\t\t<img fetchpriority=\"high\" decoding=\"async\" width=\"1280\" height=\"720\" src=\"https:\/\/dripsys.net\/wp-content\/uploads\/2023\/05\/\u0633\u0642\u064a-\u0627\u0644\u0632\u064a\u062a\u0648\u0646-3.png\" class=\"attachment-2048x2048 size-2048x2048 wp-image-1415\" alt=\"\" srcset=\"https:\/\/dripsys.net\/wp-content\/uploads\/2023\/05\/\u0633\u0642\u064a-\u0627\u0644\u0632\u064a\u062a\u0648\u0646-3.png 1280w, https:\/\/dripsys.net\/wp-content\/uploads\/2023\/05\/\u0633\u0642\u064a-\u0627\u0644\u0632\u064a\u062a\u0648\u0646-3-300x169.png 300w, https:\/\/dripsys.net\/wp-content\/uploads\/2023\/05\/\u0633\u0642\u064a-\u0627\u0644\u0632\u064a\u062a\u0648\u0646-3-1024x576.png 1024w, https:\/\/dripsys.net\/wp-content\/uploads\/2023\/05\/\u0633\u0642\u064a-\u0627\u0644\u0632\u064a\u062a\u0648\u0646-3-768x432.png 768w\" sizes=\"(max-width: 1280px) 100vw, 1280px\" \/>\t\t\t\t\t\t\t\t<\/a>\n\t\t\t\t\t\t\t\t\t\t\t\t\t\t\t<\/div>\n\t\t\t\t<\/div>\n\t\t\t\t<div class=\"elementor-element elementor-element-4407566 elementor-widget elementor-widget-heading\" data-id=\"4407566\" data-element_type=\"widget\" data-e-type=\"widget\" data-widget_type=\"heading.default\">\n\t\t\t\t<div class=\"elementor-widget-container\">\n\t\t\t\t\t<h2 class=\"elementor-heading-title elementor-size-medium\"><a href=\"https:\/\/dripsys.net\/fr\/%d8%b3%d9%82%d9%8a-%d8%a7%d9%84%d8%b2%d9%8a%d8%aa%d9%88%d9%86\/\">Conseils sur la mani\u00e8re d'irriguer un olivier <\/a><\/h2>\t\t\t\t<\/div>\n\t\t\t\t<\/div>\n\t\t\t\t<div class=\"elementor-element elementor-element-d67b134 elementor-align-right elementor-mobile-align-right elementor-widget elementor-widget-button\" data-id=\"d67b134\" data-element_type=\"widget\" data-e-type=\"widget\" data-widget_type=\"button.default\">\n\t\t\t\t<div class=\"elementor-widget-container\">\n\t\t\t\t\t\t\t\t\t<div class=\"elementor-button-wrapper\">\n\t\t\t\t\t<a class=\"elementor-button elementor-button-link elementor-size-sm\" href=\"https:\/\/dripsys.net\/fr\/%d8%b3%d9%82%d9%8a-%d8%a7%d9%84%d8%b2%d9%8a%d8%aa%d9%88%d9%86\/\">\n\t\t\t\t\t\t<span class=\"elementor-button-content-wrapper\">\n\t\t\t\t\t\t\t\t\t<span class=\"elementor-button-text\">Je souhaite en savoir plus+<\/span>\n\t\t\t\t\t<\/span>\n\t\t\t\t\t<\/a>\n\t\t\t\t<\/div>\n\t\t\t\t\t\t\t\t<\/div>\n\t\t\t\t<\/div>\n\t\t\t\t\t<\/div>\n\t\t<\/div>\n\t\t\t\t<div class=\"elementor-column elementor-col-50 elementor-top-column elementor-element elementor-element-e237fcd\" data-id=\"e237fcd\" data-element_type=\"column\" data-e-type=\"column\">\n\t\t\t<div class=\"elementor-widget-wrap elementor-element-populated\">\n\t\t\t\t\t\t<div class=\"elementor-element elementor-element-f8d2c62 elementor-widget elementor-widget-image\" data-id=\"f8d2c62\" data-element_type=\"widget\" data-e-type=\"widget\" data-widget_type=\"image.default\">\n\t\t\t\t<div class=\"elementor-widget-container\">\n\t\t\t\t\t\t\t\t\t\t\t\t\t\t\t\t<a href=\"https:\/\/dripsys.net\/fr\/%d8%aa%d8%b3%d9%85%d9%8a%d8%af-%d8%a7%d9%84%d9%86%d8%a8%d8%a7%d8%aa\/\">\n\t\t\t\t\t\t\t<img decoding=\"async\" width=\"1024\" height=\"576\" src=\"https:\/\/dripsys.net\/wp-content\/uploads\/2023\/05\/\u062a\u0633\u0645\u064a\u062f-\u0627\u0644\u0646\u0628\u0627\u062a\u0627\u062a-5-1024x576.png\" class=\"attachment-large size-large wp-image-1416\" alt=\"\" srcset=\"https:\/\/dripsys.net\/wp-content\/uploads\/2023\/05\/\u062a\u0633\u0645\u064a\u062f-\u0627\u0644\u0646\u0628\u0627\u062a\u0627\u062a-5-1024x576.png 1024w, https:\/\/dripsys.net\/wp-content\/uploads\/2023\/05\/\u062a\u0633\u0645\u064a\u062f-\u0627\u0644\u0646\u0628\u0627\u062a\u0627\u062a-5-300x169.png 300w, https:\/\/dripsys.net\/wp-content\/uploads\/2023\/05\/\u062a\u0633\u0645\u064a\u062f-\u0627\u0644\u0646\u0628\u0627\u062a\u0627\u062a-5-768x432.png 768w, https:\/\/dripsys.net\/wp-content\/uploads\/2023\/05\/\u062a\u0633\u0645\u064a\u062f-\u0627\u0644\u0646\u0628\u0627\u062a\u0627\u062a-5.png 1280w\" sizes=\"(max-width: 1024px) 100vw, 1024px\" \/>\t\t\t\t\t\t\t\t<\/a>\n\t\t\t\t\t\t\t\t\t\t\t\t\t\t\t<\/div>\n\t\t\t\t<\/div>\n\t\t\t\t<div class=\"elementor-element elementor-element-e83d3a4 elementor-widget elementor-widget-heading\" data-id=\"e83d3a4\" data-element_type=\"widget\" data-e-type=\"widget\" data-widget_type=\"heading.default\">\n\t\t\t\t<div class=\"elementor-widget-container\">\n\t\t\t\t\t<h2 class=\"elementor-heading-title elementor-size-medium\"><a href=\"https:\/\/dripsys.net\/fr\/%d8%aa%d8%b3%d9%85%d9%8a%d8%af-%d8%a7%d9%84%d9%86%d8%a8%d8%a7%d8%aa\/\">Conseils sur la fertilisation des plantes<\/a><\/h2>\t\t\t\t<\/div>\n\t\t\t\t<\/div>\n\t\t\t\t<div class=\"elementor-element elementor-element-fcc52b9 elementor-align-right elementor-mobile-align-right elementor-widget elementor-widget-button\" data-id=\"fcc52b9\" data-element_type=\"widget\" data-e-type=\"widget\" data-widget_type=\"button.default\">\n\t\t\t\t<div class=\"elementor-widget-container\">\n\t\t\t\t\t\t\t\t\t<div class=\"elementor-button-wrapper\">\n\t\t\t\t\t<a class=\"elementor-button elementor-button-link elementor-size-sm\" href=\"https:\/\/dripsys.net\/fr\/%d8%aa%d8%b3%d9%85%d9%8a%d8%af-%d8%a7%d9%84%d9%86%d8%a8%d8%a7%d8%aa\/\">\n\t\t\t\t\t\t<span class=\"elementor-button-content-wrapper\">\n\t\t\t\t\t\t\t\t\t<span class=\"elementor-button-text\">Je souhaite en savoir plus+<\/span>\n\t\t\t\t\t<\/span>\n\t\t\t\t\t<\/a>\n\t\t\t\t<\/div>\n\t\t\t\t\t\t\t\t<\/div>\n\t\t\t\t<\/div>\n\t\t\t\t\t<\/div>\n\t\t<\/div>\n\t\t\t\t\t<\/div>\n\t\t<\/section>\n\t\t\t\t<\/div>","protected":false},"excerpt":{"rendered":"<p>\u0646\u0635\u0627\u0626\u062d \u0641\u0644\u0627\u062d\u064a\u0629 \u0645\u062c\u0631\u0628\u0629 \u0644\u062a\u062d\u0633\u064a\u0646 \u0627\u0644\u0625\u0646\u062a\u0627\u062c\u064a\u0629 \u0648\u062a\u0642\u0644\u064a\u0644 \u0627\u0644\u062a\u0643\u0627\u0644\u064a\u0641 \u062a\u0639\u0631\u0641 \u0639\u0644\u0649 \u0646\u0635\u0627\u0626\u062d \u0641\u0644\u0627\u062d\u064a\u0629 \u0645\u062a\u062e\u0635\u0635\u0629 \u0644\u062a\u062d\u0642\u064a\u0642 \u0627\u0644\u0625\u0646\u062a\u0627\u062c\u064a\u0629 \u0627\u0644\u0639\u0627\u0644\u064a\u0629 \u0648\u0627\u0644\u062c\u0648\u062f\u0629 \u0627\u0644\u0645\u062b\u0627\u0644\u064a\u0629 \u0646\u0635\u0627\u0626\u062d \u0641\u0644\u0627\u062d\u064a\u0629 \u0646\u0635\u0627\u0626\u062d \u0641\u0644\u0627\u062d\u064a\u0629 \u0646\u0635\u0627\u0626\u062d \u0639\u0646 \u0643\u064a\u0641\u064a\u0629 \u0633\u0642\u064a \u0634\u062c\u0631\u0629 \u0627\u0644\u0632\u064a\u062a\u0648\u0646 +\u0623\u0631\u064a\u062f \u0645\u0639\u0631\u0641\u0629 \u0627\u0644\u0645\u0632\u064a\u062f \u0646\u0635\u0627\u0626\u062d \u0639\u0646 \u0643\u064a\u0641\u064a\u0629 \u062a\u0633\u0645\u064a\u062f \u0627\u0644\u0646\u0628\u0627\u062a\u0627\u062a +\u0623\u0631\u064a\u062f \u0645\u0639\u0631\u0641\u0629 \u0627\u0644\u0645\u0632\u064a\u062f<\/p>","protected":false},"author":1,"featured_media":0,"parent":0,"menu_order":0,"comment_status":"closed","ping_status":"closed","template":"","meta":{"site-sidebar-layout":"no-sidebar","site-content-layout":"page-builder","ast-site-content-layout":"default","site-content-style":"default","site-sidebar-style":"default","ast-global-header-display":"","ast-banner-title-visibility":"","ast-main-header-display":"","ast-hfb-above-header-display":"","ast-hfb-below-header-display":"","ast-hfb-mobile-header-display":"","site-post-title":"disabled","ast-breadcrumbs-content":"","ast-featured-img":"disabled","footer-sml-layout":"","ast-disable-related-posts":"","theme-transparent-header-meta":"","adv-header-id-meta":"","stick-header-meta":"","header-above-stick-meta":"","header-main-stick-meta":"","header-below-stick-meta":"","astra-migrate-meta-layouts":"default","ast-page-background-enabled":"default","ast-page-background-meta":{"desktop":{"background-color":"","background-image":"","background-repeat":"repeat","background-position":"center center","background-size":"auto","background-attachment":"scroll","background-type":"","background-media":"","overlay-type":"","overlay-color":"","overlay-opacity":"","overlay-gradient":""},"tablet":{"background-color":"","background-image":"","background-repeat":"repeat","background-position":"center center","background-size":"auto","background-attachment":"scroll","background-type":"","background-media":"","overlay-type":"","overlay-color":"","overlay-opacity":"","overlay-gradient":""},"mobile":{"background-color":"","background-image":"","background-repeat":"repeat","background-position":"center center","background-size":"auto","background-attachment":"scroll","background-type":"","background-media":"","overlay-type":"","overlay-color":"","overlay-opacity":"","overlay-gradient":""}},"ast-content-background-meta":{"desktop":{"background-color":"var(--ast-global-color-5)","background-image":"","background-repeat":"repeat","background-position":"center center","background-size":"auto","background-attachment":"scroll","background-type":"","background-media":"","overlay-type":"","overlay-color":"","overlay-opacity":"","overlay-gradient":""},"tablet":{"background-color":"var(--ast-global-color-5)","background-image":"","background-repeat":"repeat","background-position":"center center","background-size":"auto","background-attachment":"scroll","background-type":"","background-media":"","overlay-type":"","overlay-color":"","overlay-opacity":"","overlay-gradient":""},"mobile":{"background-color":"var(--ast-global-color-5)","background-image":"","background-repeat":"repeat","background-position":"center center","background-size":"auto","background-attachment":"scroll","background-type":"","background-media":"","overlay-type":"","overlay-color":"","overlay-opacity":"","overlay-gradient":""}},"footnotes":""},"class_list":["post-886","page","type-page","status-publish","hentry"],"_links":{"self":[{"href":"https:\/\/dripsys.net\/fr\/wp-json\/wp\/v2\/pages\/886","targetHints":{"allow":["GET"]}}],"collection":[{"href":"https:\/\/dripsys.net\/fr\/wp-json\/wp\/v2\/pages"}],"about":[{"href":"https:\/\/dripsys.net\/fr\/wp-json\/wp\/v2\/types\/page"}],"author":[{"embeddable":true,"href":"https:\/\/dripsys.net\/fr\/wp-json\/wp\/v2\/users\/1"}],"replies":[{"embeddable":true,"href":"https:\/\/dripsys.net\/fr\/wp-json\/wp\/v2\/comments?post=886"}],"version-history":[{"count":79,"href":"https:\/\/dripsys.net\/fr\/wp-json\/wp\/v2\/pages\/886\/revisions"}],"predecessor-version":[{"id":1488,"href":"https:\/\/dripsys.net\/fr\/wp-json\/wp\/v2\/pages\/886\/revisions\/1488"}],"wp:attachment":[{"href":"https:\/\/dripsys.net\/fr\/wp-json\/wp\/v2\/media?parent=886"}],"curies":[{"name":"wp","href":"https:\/\/api.w.org\/{rel}","templated":true}]}}